{"id":7,"date":"2026-01-24T13:56:19","date_gmt":"2026-01-24T13:56:19","guid":{"rendered":"https:\/\/trandinhlong.io.vn\/?page_id=7"},"modified":"2026-02-06T18:12:50","modified_gmt":"2026-02-06T18:12:50","slug":"trang-chu","status":"publish","type":"page","link":"https:\/\/trandinhlong.io.vn\/","title":{"rendered":"Trang Ch\u1ee7"},"content":{"rendered":"\n<p>Chao x\u00ecn \u00e9 v\u01a1 ry b\u00f3 \u0111\u1ef3!\u00a0\u00a0Ch\u00e0o m\u1eebn b\u1ee3n \u0111\u00e3 \u2018l\u1ea1c tr\u00f4i\u2019 \u0111\u1ebfn z\u1edbi tr\u1ea1m d\u1eebng ch\u00e2n s\u1ed1ng z\u00ec \u0111am meee c\u1ee7a TranLong. \u1ede \u0111\u00e2y h\u1ed5ng c\u00f3 g\u00ec ngo\u00e0i nh\u1eefng s\u1ef1 t\u00edch \u2018si\u00eau th\u1ef1c\u2019, nh\u1eefng tr\u1ea3i nghi\u1ec7m \u2018v\u00f4 tri\u2019 nh\u01b0ng \u0111\u1ea7y nhi\u1ec7t huy\u1ebft m\u00e0 m\u00ecnh \u0111\u00e3 gom g\u00f3p \u0111\u01b0\u1ee3c. Hy v\u1ecdng b\u1ee3n s\u1ebd t\u00ecm th\u1ea5y ch\u00fat ni\u1ec1m zui ho\u1eb7c c\u1ea3m h\u1ee9ng n\u00e0o \u0111\u00f3 \u0111\u1ec3 c\u00f9ng nhau ch\u00e1y h\u1ebft m\u00ecnh z\u1edbi \u0111am meee c\u1ee7a ri\u00eang b\u1ee3n. C\u1ee9 t\u1ef1 nhi\u00ean nh\u01b0 \u1edf nh\u00e0, l\u01b0\u1edbt t\u1edbi b\u1ebfn \u0111i b\u1ee3n \u00eaiii!<\/p>\n\n\n\n<h3 class=\"wp-block-heading\">\u00a0Th\u1eddi \u201ctr\u1ebb tr\u00e2u\u201d \u2013 S\u01a1 khai v\u00e0 B\u1ea3n n\u0103ng<\/h3>\n\n\n\n<p>H\u1ed3i \u0111\u00f3 l\u00e0m g\u00ec c\u00f3 loa x\u1ecbn hay tai nghe ch\u1ed1ng \u1ed3n. \u201cT\u1ed5 ti\u00ean\u201d c\u1ee7a \u00e2m nh\u1ea1c ch\u1ec9 l\u00e0 ti\u1ebfng v\u1ed7 tay, ti\u1ebfng d\u1eadm ch\u00e2n, hay m\u1ea5y \u00f4ng anh ti\u1ec1n s\u1eed r\u1ea3nh r\u1ed7i l\u1ea5y hai h\u00f2n \u0111\u00e1 \u0111\u1eadp v\u00e0o nhau ch\u00e1t ch\u00e1t b\u00f9m b\u00f9m. Nh\u01b0ng b\u1ee3n bi\u1ebft g\u00ec kh\u00f4ng? \u0110\u00f3 ch\u00ednh l\u00e0 l\u00fac c\u00e1i&nbsp;<strong>nh\u1ecbp \u0111i\u1ec7u (beat)<\/strong>&nbsp;\u0111\u1ea7u ti\u00ean ra \u0111\u1eddi. \u0110am meee thu\u1edf \u1ea5y \u0111\u01a1n gi\u1ea3n l\u1eafm: g\u00f5 cho vui c\u1eeda vui nh\u00e0 v\u00e0 xua \u0111u\u1ed5i th\u00fa d\u1eef.<\/p>\n\n\n\n<h3 class=\"wp-block-heading\">\u00a0Th\u1eddi \u201cthanh ni\u00ean nghi\u00eam t\u00fac\u201d \u2013 C\u1ed5 \u0111i\u1ec3n v\u00e0 Sang ch\u1ea3nh<\/h3>\n\n\n\n<p>L\u1edbn l\u00ean m\u1ed9t ch\u00fat, \u00e2m nh\u1ea1c b\u1eaft \u0111\u1ea7u \u0111i h\u1ecdc h\u00e0nh b\u00e0i b\u1ea3n. C\u00e1c c\u1ee5 nh\u01b0 Bach, Mozart, Beethoven xu\u1ea5t hi\u1ec7n v\u00e0 bi\u1ebfn \u00e2m nh\u1ea1c th\u00e0nh m\u1ed9t \u201cm\u00f4n h\u1ecdc\u201d si\u00eau kh\u00f3 v\u1edbi nh\u1eefng b\u1ea3n giao h\u01b0\u1edfng d\u00e0i c\u1ea3 ti\u1ebfng \u0111\u1ed3ng h\u1ed3. Th\u1eddi n\u00e0y \u00e2m nh\u1ea1c m\u1eb7c suit, th\u1eaft n\u01a1, b\u01b0\u1edbc v\u00e0o nh\u1eefng nh\u00e0 h\u00e1t l\u1ed9ng l\u1eaby. Tuy nh\u00ecn c\u00f3 v\u1ebb \u201c\u0111\u1ea1o m\u1ea1o\u201d nh\u01b0ng b\u00ean trong l\u00e0 c\u1ea3 m\u1ed9t b\u1ea7u tr\u1eddi c\u1ea3m x\u00fac cu\u1ed3n cu\u1ed9n, l\u00e0 c\u00e1i g\u1ed1c r\u1ec5 cho m\u1ecdi th\u1ec3 lo\u1ea1i nh\u1ea1c \u201cb\u00e1nh cu\u1ed1n\u201d sau n\u00e0y.<\/p>\n\n\n\n<h3 class=\"wp-block-heading\">\u00a0Th\u1eddi \u201cn\u1ed5i lo\u1ea1n\u201d \u2013 Rock, Pop v\u00e0 s\u1ef1 b\u00f9ng n\u1ed5<\/h3>\n\n\n\n<p>\u0110\u00e2y l\u00e0 l\u00fac \u00e2m nh\u1ea1c \u201cm\u1ecdc c\u00e1nh\u201d. T\u1eeb nh\u1eefng chi\u1ebfc \u0111\u0129a than to \u0111\u00f9ng \u0111\u1ebfn b\u0103ng cassette, r\u1ed3i \u0111\u0129a CD. \u00c2m nh\u1ea1c b\u1eaft \u0111\u1ea7u bi\u1ebft g\u00e0o th\u00e9t v\u1edbi Rock, bi\u1ebft nh\u1ea3y m\u00faa v\u1edbi Pop, v\u00e0 bi\u1ebft \u201cth\u1ea3 th\u00ednh\u201d v\u1edbi Bolero. \u0110\u00e2y l\u00e0 giai \u0111o\u1ea1n \u00e2m nh\u1ea1c len l\u1ecfi v\u00e0o t\u1eebng ng\u00f5 ng\u00e1ch, t\u1eeb chi\u1ebfc \u0111\u00e0i radio c\u0169 k\u1ef9 c\u1ee7a \u00f4ng n\u1ed9i \u0111\u1ebfn c\u00e1i m\u00e1y nghe nh\u1ea1c MP3 \u201chuy\u1ec1n tho\u1ea1i\u201d c\u1ee7a th\u1ebf h\u1ec7 8x, 9x.<\/p>\n\n\n\n<h3 class=\"wp-block-heading\">\u00a0Th\u1eddi \u201chi\u1ec7n \u0111\u1ea1i 4.0\u201d \u2013 K\u1ef9 thu\u1eadt s\u1ed1 v\u00e0 \u0110am meee kh\u00f4ng gi\u1edbi h\u1ea1n<\/h3>\n\n\n\n<p>V\u00e0 gi\u1edd \u0111\u00e2y, \u00e2m nh\u1ea1c \u0111\u00e3 tr\u1edf th\u00e0nh m\u1ed9t \u201cth\u1ef1c th\u1ec3\u201d kh\u00f4ng th\u1ec3 thi\u1ebfu trong DNA c\u1ee7a ch\u00fang ta. Ch\u1ec9 c\u1ea7n m\u1ed9t chi\u1ebfc smartphone, b\u1ee3n c\u00f3 th\u1ec3 mang c\u1ea3 th\u1ebf gi\u1edbi \u00e2m thanh \u0111i kh\u1eafp n\u01a1i. T\u1eeb EDM gi\u1eadt tung n\u00f3c \u0111\u1ebfn nh\u1eefng b\u1ea3n Lo-fi \u201cchill chill\u201d l\u00fac \u0111\u00eam mu\u1ed9n. \u00c2m nh\u1ea1c b\u00e2y gi\u1edd kh\u00f4ng ch\u1ec9 \u0111\u1ec3 nghe, m\u00e0 l\u00e0 \u0111\u1ec3&nbsp;<strong>s\u1ed1ng<\/strong>, \u0111\u1ec3&nbsp;<strong>k\u1ebft n\u1ed1i<\/strong>&nbsp;nh\u1eefng t\u00e2m h\u1ed3n \u0111\u1ed3ng \u0111i\u1ec7u (nh\u01b0 tui v\u00e0 b\u1ee3n n\u00e8!). H\u1eb9 h\u1eb9:&gt;&gt;<\/p>\n","protected":false},"excerpt":{"rendered":"<p>Chao x\u00ecn \u00e9 v\u01a1 ry b\u00f3 \u0111\u1ef3!\u00a0\u00a0Ch\u00e0o m\u1eebn b\u1ee3n \u0111\u00e3 \u2018l\u1ea1c tr\u00f4i\u2019 \u0111\u1ebfn z\u1edbi tr\u1ea1m d\u1eebng ch\u00e2n s\u1ed1ng z\u00ec \u0111am meee c\u1ee7a TranLong. \u1ede \u0111\u00e2y h\u1ed5ng c\u00f3 g\u00ec ngo\u00e0i nh\u1eefng s\u1ef1 t\u00edch \u2018si\u00eau th\u1ef1c\u2019, nh\u1eefng tr\u1ea3i nghi\u1ec7m \u2018v\u00f4 tri\u2019 nh\u01b0ng \u0111\u1ea7y nhi\u1ec7t huy\u1ebft m\u00e0 m\u00ecnh \u0111\u00e3 gom g\u00f3p \u0111\u01b0\u1ee3c. Hy v\u1ecdng b\u1ee3n s\u1ebd t\u00ecm th\u1ea5y&#8230;<\/p>\n","protected":false},"author":1,"featured_media":0,"parent":0,"menu_order":0,"comment_status":"closed","ping_status":"closed","template":"","meta":{"footnotes":""},"class_list":["post-7","page","type-page","status-publish","hentry"],"jetpack_sharing_enabled":true,"_links":{"self":[{"href":"https:\/\/trandinhlong.io.vn\/index.php?rest_route=\/wp\/v2\/pages\/7","targetHints":{"allow":["GET"]}}],"collection":[{"href":"https:\/\/trandinhlong.io.vn\/index.php?rest_route=\/wp\/v2\/pages"}],"about":[{"href":"https:\/\/trandinhlong.io.vn\/index.php?rest_route=\/wp\/v2\/types\/page"}],"author":[{"embeddable":true,"href":"https:\/\/trandinhlong.io.vn\/index.php?rest_route=\/wp\/v2\/users\/1"}],"replies":[{"embeddable":true,"href":"https:\/\/trandinhlong.io.vn\/index.php?rest_route=%2Fwp%2Fv2%2Fcomments&post=7"}],"version-history":[{"count":3,"href":"https:\/\/trandinhlong.io.vn\/index.php?rest_route=\/wp\/v2\/pages\/7\/revisions"}],"predecessor-version":[{"id":27,"href":"https:\/\/trandinhlong.io.vn\/index.php?rest_route=\/wp\/v2\/pages\/7\/revisions\/27"}],"wp:attachment":[{"href":"https:\/\/trandinhlong.io.vn\/index.php?rest_route=%2Fwp%2Fv2%2Fmedia&parent=7"}],"curies":[{"name":"wp","href":"https:\/\/api.w.org\/{rel}","templated":true}]}}